{"id":105,"date":"2020-06-09T23:48:36","date_gmt":"2020-06-09T21:48:36","guid":{"rendered":"http:\/\/www.faisst-armaturen.de\/wp\/?page_id=105"},"modified":"2022-11-20T18:47:26","modified_gmt":"2022-11-20T17:47:26","slug":"kontakt","status":"publish","type":"page","link":"https:\/\/www.faisst-armaturen.de\/wp\/kontakt\/","title":{"rendered":"Kontakt"},"content":{"rendered":"\n<h2 class=\"has-text-align-center\">Kontaktieren Sie uns gerne!<\/h2>\n\n\n\n<div style=\"height:36px\" aria-hidden=\"true\" class=\"wp-block-spacer\"><\/div>\n\n\n\n<div class=\"is-layout-flex wp-container-4 wp-block-columns\">\n<div class=\"is-layout-flow wp-block-column\">\n<div id=\"googlemaps\">\n<iframe loading=\"lazy\" id=\"ifrgooglemaps\" width=\"450\" height=\"450\" tabindex=\"0\" aria-hidden=\"false\" src=\"https:\/\/www.google.com\/maps\/embed?pb=!1m18!1m12!1m3!1d2624.299858477968!2d10.031721315674833!3d48.8715599792888!2m3!1f0!2f0!3f0!3m2!1i1024!2i768!4f13.1!3m3!1m2!1s0x479903373bea870b%3A0xd1972542e9515a93!2sSteinhauser%20Weg%204%2C%2073434%20Aalen!5e0!3m2!1sde!2sde!4v1591736130030!5m2!1sde!2sde\" frameborder=\"0\" allowfullscreen=\"\" style=\"border:0;\"><\/iframe><\/div>\n<\/div>\n\n\n\n<div class=\"is-layout-flow wp-block-column\">\n<div class=\"is-layout-flow wp-block-group\"><div class=\"wp-block-group__inner-container\">\n<figure class=\"wp-block-image size-large\"><img decoding=\"async\" loading=\"lazy\" width=\"350\" height=\"197\" src=\"https:\/\/www.faisst-armaturen.de\/wp\/wp-content\/uploads\/2020\/07\/kontakt1-2.png\" alt=\"Aalen Steinhauser Weg 4 Faisst Armaturen Edelstahl\" class=\"wp-image-357\"\/><\/figure>\n<\/div><\/div>\n\n\n\n<hr class=\"wp-block-separator has-css-opacity\"\/>\n\n\n\n<h2>Warenannahme<\/h2>\n\n\n\n<p>Wenn Sie keine Hilfe beim Entladen ben\u00f6tigen, k\u00f6nnen Sie selbstverst\u00e4ndlich auch w\u00e4hrend der Pausen entladen. F\u00fcr weitere Informationen, kontaktieren Sie uns gerne!<\/p>\n\n\n\n<figure class=\"wp-block-table is-style-stripes\"><table><tbody><tr><td>Mo &#8211; Do<\/td><td>07:30 &#8211; 09:00<\/td><td>09:15 &#8211; 12:00<\/td><td>12:30 &#8211; 16:00<\/td><\/tr><tr><td>Fr<\/td><td>07:30 &#8211;<br>09:00<\/td><td>09:15 &#8211; 12:00<\/td><td><\/td><\/tr><\/tbody><\/table><\/figure>\n<\/div>\n<\/div>\n","protected":false},"excerpt":{"rendered":"<p>Kontaktieren Sie uns gerne! Warenannahme Wenn Sie keine Hilfe beim Entladen ben\u00f6tigen, k\u00f6nnen Sie selbstverst\u00e4ndlich auch w\u00e4hrend der Pausen entladen. F\u00fcr weitere Informationen, kontaktieren Sie uns gerne!<\/p>\n","protected":false},"author":1,"featured_media":0,"parent":0,"menu_order":0,"comment_status":"closed","ping_status":"closed","template":"","meta":[],"yoast_head":"<!-- This site is optimized with the Yoast SEO plugin v14.5 - https:\/\/yoast.com\/wordpress\/plugins\/seo\/ -->\n<title>Kontaktieren Sie uns f\u00fcr ein Angebot - Fai\u00dft Armaturen GmbH<\/title>\n<meta name=\"description\" content=\"Sie interessieren sich f\u00fcr eine Sonderanfertigung aus Edelstahl? Dann z\u00f6gern Sie nicht, uns telefonisch, per Mail, Fax oder pers\u00f6nlich zu kontaktieren!\" \/>\n<meta name=\"robots\" content=\"index, follow\" \/>\n<meta name=\"googlebot\" content=\"index, follow, max-snippet:-1, max-image-preview:large, max-video-preview:-1\" \/>\n<meta name=\"bingbot\" content=\"index, follow, max-snippet:-1, max-image-preview:large, max-video-preview:-1\" \/>\n<link rel=\"canonical\" href=\"https:\/\/www.faisst-armaturen.de\/wp\/kontakt\/\" \/>\n<meta property=\"og:locale\" content=\"de_DE\" \/>\n<meta property=\"og:type\" content=\"article\" \/>\n<meta property=\"og:title\" content=\"Kontaktieren Sie uns f\u00fcr ein Angebot - Fai\u00dft Armaturen GmbH\" \/>\n<meta property=\"og:description\" content=\"Sie interessieren sich f\u00fcr eine Sonderanfertigung aus Edelstahl? Dann z\u00f6gern Sie nicht, uns telefonisch, per Mail, Fax oder pers\u00f6nlich zu kontaktieren!\" \/>\n<meta property=\"og:url\" content=\"https:\/\/www.faisst-armaturen.de\/wp\/kontakt\/\" \/>\n<meta property=\"og:site_name\" content=\"Fai\u00dft Armaturen GmbH\" \/>\n<meta property=\"article:modified_time\" content=\"2022-11-20T17:47:26+00:00\" \/>\n<meta property=\"og:image\" content=\"https:\/\/www.faisst-armaturen.de\/wp\/wp-content\/uploads\/2020\/07\/kontakt1-2.png\" \/>\n<meta name=\"twitter:card\" content=\"summary_large_image\" \/>\n<script type=\"application\/ld+json\" class=\"yoast-schema-graph\">{\"@context\":\"https:\/\/schema.org\",\"@graph\":[{\"@type\":\"Organization\",\"@id\":\"https:\/\/www.faisst-armaturen.de\/wp\/#organization\",\"name\":\"Faisst Armaturen GmbH\",\"url\":\"https:\/\/www.faisst-armaturen.de\/wp\/\",\"sameAs\":[],\"logo\":{\"@type\":\"ImageObject\",\"@id\":\"https:\/\/www.faisst-armaturen.de\/wp\/#logo\",\"inLanguage\":\"de\",\"url\":\"https:\/\/www.faisst-armaturen.de\/wp\/wp-content\/uploads\/2020\/07\/dunkelrot.png\",\"width\":113,\"height\":84,\"caption\":\"Faisst Armaturen GmbH\"},\"image\":{\"@id\":\"https:\/\/www.faisst-armaturen.de\/wp\/#logo\"}},{\"@type\":\"WebSite\",\"@id\":\"https:\/\/www.faisst-armaturen.de\/wp\/#website\",\"url\":\"https:\/\/www.faisst-armaturen.de\/wp\/\",\"name\":\"Fai\\u00dft Armaturen GmbH\",\"description\":\"Sonderanfertigungen aus Edelstahl\",\"publisher\":{\"@id\":\"https:\/\/www.faisst-armaturen.de\/wp\/#organization\"},\"potentialAction\":[{\"@type\":\"SearchAction\",\"target\":\"https:\/\/www.faisst-armaturen.de\/wp\/?s={search_term_string}\",\"query-input\":\"required name=search_term_string\"}],\"inLanguage\":\"de\"},{\"@type\":\"ImageObject\",\"@id\":\"https:\/\/www.faisst-armaturen.de\/wp\/kontakt\/#primaryimage\",\"inLanguage\":\"de\",\"url\":\"https:\/\/www.faisst-armaturen.de\/wp\/wp-content\/uploads\/2020\/07\/kontakt1-2.png\",\"width\":350,\"height\":197,\"caption\":\"Aalen Steinhauser Weg 4 Faisst Armaturen Edelstahl\"},{\"@type\":\"WebPage\",\"@id\":\"https:\/\/www.faisst-armaturen.de\/wp\/kontakt\/#webpage\",\"url\":\"https:\/\/www.faisst-armaturen.de\/wp\/kontakt\/\",\"name\":\"Kontaktieren Sie uns f\\u00fcr ein Angebot - Fai\\u00dft Armaturen GmbH\",\"isPartOf\":{\"@id\":\"https:\/\/www.faisst-armaturen.de\/wp\/#website\"},\"primaryImageOfPage\":{\"@id\":\"https:\/\/www.faisst-armaturen.de\/wp\/kontakt\/#primaryimage\"},\"datePublished\":\"2020-06-09T21:48:36+00:00\",\"dateModified\":\"2022-11-20T17:47:26+00:00\",\"description\":\"Sie interessieren sich f\\u00fcr eine Sonderanfertigung aus Edelstahl? Dann z\\u00f6gern Sie nicht, uns telefonisch, per Mail, Fax oder pers\\u00f6nlich zu kontaktieren!\",\"inLanguage\":\"de\",\"potentialAction\":[{\"@type\":\"ReadAction\",\"target\":[\"https:\/\/www.faisst-armaturen.de\/wp\/kontakt\/\"]}]}]}<\/script>\n<!-- \/ Yoast SEO plugin. -->","_links":{"self":[{"href":"https:\/\/www.faisst-armaturen.de\/wp\/wp-json\/wp\/v2\/pages\/105"}],"collection":[{"href":"https:\/\/www.faisst-armaturen.de\/wp\/wp-json\/wp\/v2\/pages"}],"about":[{"href":"https:\/\/www.faisst-armaturen.de\/wp\/wp-json\/wp\/v2\/types\/page"}],"author":[{"embeddable":true,"href":"https:\/\/www.faisst-armaturen.de\/wp\/wp-json\/wp\/v2\/users\/1"}],"replies":[{"embeddable":true,"href":"https:\/\/www.faisst-armaturen.de\/wp\/wp-json\/wp\/v2\/comments?post=105"}],"version-history":[{"count":15,"href":"https:\/\/www.faisst-armaturen.de\/wp\/wp-json\/wp\/v2\/pages\/105\/revisions"}],"predecessor-version":[{"id":581,"href":"https:\/\/www.faisst-armaturen.de\/wp\/wp-json\/wp\/v2\/pages\/105\/revisions\/581"}],"wp:attachment":[{"href":"https:\/\/www.faisst-armaturen.de\/wp\/wp-json\/wp\/v2\/media?parent=105"}],"curies":[{"name":"wp","href":"https:\/\/api.w.org\/{rel}","templated":true}]}}